{"id":13,"date":"2017-05-29T12:05:47","date_gmt":"2017-05-29T12:05:47","guid":{"rendered":"http:\/\/lasegheria.ro\/?page_id=13"},"modified":"2020-05-01T09:24:44","modified_gmt":"2020-05-01T09:24:44","slug":"ce-facem-noi","status":"publish","type":"page","link":"https:\/\/lasegheria.ro\/?page_id=13","title":{"rendered":"Ce facem noi?"},"content":{"rendered":"<p>[vc_row][vc_column width=&#8221;1\/2&#8243;][vc_column_text]<\/p>\n<h3 style=\"text-align: center;\">COMPANIA LA SEGHERIA L&amp;P<\/h3>\n<hr \/>\n<p><span class=\"_5mfr\"><span class=\"_6qdm\">\u2699\ufe0f<\/span><\/span>\u00a0&#8211; Firma noastra a fost \u00eenfiin\u021bat\u0103 \u00een 2017 \u0219i ne-am dorit de la \u00eenceput s\u0103 aducem ceva nou pe pia\u021ba din Rom\u00e2nia \u0219i cea interna\u021bional\u0103. Credem c\u0103 putem s\u0103 cre\u0103m ceva nou aici cu ceea ce am \u00eenv\u0103\u021bat \u00een str\u0103inatate \u0219i putem aduce un plus de valoare domeniului \u00een care activ\u0103m. A\u0219tept\u0103m \u00eentreb\u0103ri \u0219i sugestii pe pagina de contact pe website-ul lasegheria.ro unde suntem deschi\u0219i oric\u0103ror discu\u021bii.<\/p>\n<p><span class=\"_5mfr\"><span class=\"_6qdm\">\ud83d\uddbc<\/span><\/span>\u00a0&#8211; To\u0163i cei care vor s\u0103 \u00eenve\u0163e o meserie frumoas\u0103, b\u0103noas\u0103 s\u0103 vin\u0103 la atelierul nost<span class=\"text_exposed_show\">ru de pe strada Lucian Blaga, nr. 89-91 zilnic de luni p\u00e2n\u0103 vineri. Aici pot s\u0103 fac\u0103 aceast\u0103 munc\u0103 \u00eentr-un mod profesional cu scule \u015fi utilaje de ultim\u0103 genera\u0163ie unele chiar achizi\u0163ionate \u00een 2018. Credem c\u0103 \u00eenc\u0103 este nevoie de t\u00e2mplari \u015fi noi \u00eei putem forma \u015fi le putem asigura un salar decent pe masura a\u015ftept\u0103rilor lor. Avem \u015fi bonusuri pentru angaja\u0163ii la care vedem dorin\u0163\u0103 de a \u00eenv\u0103\u0163a \u015fi implicare, a declarat Rolland Szabolcs Lazin, patronul La Seghera L&amp;P din Satu Mare.<\/span><\/p>\n<div class=\"text_exposed_show\">\n<p>Dac\u0103 sunte\u021bi interesa\u0163i de mobila la comanda, nu ezitati sa ne contactati pe mail sau s\u0103 suna\u021bi la datele de contact de mai jos:<\/p>\n<p>\u2013 Lucian Blaga, 89-91, Satu Mare<br \/>\n\u2013 0771 688 002<br \/>\n\u2013 lasegheria2017@gmail.com<br \/>\n\u2013 lasegheria.ro<\/p>\n<\/div>\n<p>[\/vc_column_text][\/vc_column][vc_column width=&#8221;1\/2&#8243;][vc_column_text]<\/p>\n<h1 style=\"text-align: center;\"><img loading=\"lazy\" class=\"alignnone size-medium wp-image-27\" src=\"http:\/\/lasegheria.ro\/wp-content\/uploads\/2017\/05\/unnamed-300x143.jpg\" alt=\"\" width=\"300\" height=\"143\" srcset=\"https:\/\/lasegheria.ro\/wp-content\/uploads\/2017\/05\/unnamed-300x143.jpg 300w, https:\/\/lasegheria.ro\/wp-content\/uploads\/2017\/05\/unnamed.jpg 632w\" sizes=\"(max-width: 300px) 100vw, 300px\" \/><\/h1>\n<h1 style=\"text-align: center;\">LA SEGHERIA L&amp;P<\/h1>\n<p style=\"text-align: center;\"><strong>Debitare si cantuire PAL<\/strong><\/p>\n<hr \/>\n<h3 style=\"text-align: center;\">Serviciile oferite de firma noastra:<\/h3>\n<ul>\n<li style=\"text-align: left;\">DEBITARE SI FINISARE PAL, MDF, PFL<img loading=\"lazy\" class=\"size-medium wp-image-46 alignright\" src=\"http:\/\/lasegheria.ro\/wp-content\/uploads\/2017\/05\/unnamedQA-300x150-300x150.jpg\" alt=\"\" width=\"300\" height=\"150\" \/><\/li>\n<li style=\"text-align: left;\">COMERCIALIZARE ACCESORII MOBILA<\/li>\n<li style=\"text-align: left;\">COMERCIALIZARE ELECTROCASNICE BUCATARIE<\/li>\n<li style=\"text-align: left;\">PRETURI VARIABILE IN FUNCTIE DE GAMA<\/li>\n<li style=\"text-align: left;\">PRODUCTIE DE MOBILA LA COMANDA<\/li>\n<li style=\"text-align: left;\">OFERIM O GAMA LARGA DE CULORI, NUANTE DE MATERIALE LEMNOASE<\/li>\n<\/ul>\n<p>[\/vc_column_text][\/vc_column][\/vc_row]<\/p>\n","protected":false},"excerpt":{"rendered":"<p>[vc_row][vc_column width=&#8221;1\/2&#8243;][vc_column_text] COMPANIA LA SEGHERIA L&amp;P \u2699\ufe0f\u00a0&#8211; Firma noastra a fost \u00eenfiin\u021bat\u0103 \u00een 2017 \u0219i ne-am dorit de la \u00eenceput&#8230;<\/p>\n","protected":false},"author":1,"featured_media":0,"parent":0,"menu_order":0,"comment_status":"closed","ping_status":"closed","template":"","meta":[],"_links":{"self":[{"href":"https:\/\/lasegheria.ro\/index.php?rest_route=\/wp\/v2\/pages\/13"}],"collection":[{"href":"https:\/\/lasegheria.ro\/index.php?rest_route=\/wp\/v2\/pages"}],"about":[{"href":"https:\/\/lasegheria.ro\/index.php?rest_route=\/wp\/v2\/types\/page"}],"author":[{"embeddable":true,"href":"https:\/\/lasegheria.ro\/index.php?rest_route=\/wp\/v2\/users\/1"}],"replies":[{"embeddable":true,"href":"https:\/\/lasegheria.ro\/index.php?rest_route=%2Fwp%2Fv2%2Fcomments&post=13"}],"version-history":[{"count":7,"href":"https:\/\/lasegheria.ro\/index.php?rest_route=\/wp\/v2\/pages\/13\/revisions"}],"predecessor-version":[{"id":781,"href":"https:\/\/lasegheria.ro\/index.php?rest_route=\/wp\/v2\/pages\/13\/revisions\/781"}],"wp:attachment":[{"href":"https:\/\/lasegheria.ro\/index.php?rest_route=%2Fwp%2Fv2%2Fmedia&parent=13"}],"curies":[{"name":"wp","href":"https:\/\/api.w.org\/{rel}","templated":true}]}}