{"id":648,"date":"2020-04-03T07:31:41","date_gmt":"2020-04-03T07:31:41","guid":{"rendered":"http:\/\/lasegheria.ro\/?page_id=648"},"modified":"2020-04-03T07:35:08","modified_gmt":"2020-04-03T07:35:08","slug":"mobila-bucatarie-crem","status":"publish","type":"page","link":"https:\/\/lasegheria.ro\/?page_id=648","title":{"rendered":"MOBIL\u0102 BUC\u0102T\u0102RIE &#8211; CREM"},"content":{"rendered":"<p>[vc_row][vc_column][vc_custom_heading text=&#8221;MOBIL\u0102 BUC\u0102T\u0102RIE &#8211; CREM&#8221; font_container=&#8221;tag:h2|text_align:center&#8221; css=&#8221;.vc_custom_1585899307896{padding-top: 30px !important;padding-bottom: 30px !important;}&#8221;][\/vc_column][\/vc_row][vc_row][vc_column width=&#8221;1\/2&#8243;][vc_column_text]Noi credem c\u0103 este una dintre cele mai frumoase mobile la comand\u0103 de bucatarie pe care le-am realizat!<\/p>\n<p>Este \u00eenc\u0103p\u0103toare, ocup\u0103 spa\u021biu pu\u021bin, util\u0103, deschis\u0103 la culoare, cu multe sertare \u0219i spa\u021bii de depozitare \u0219i are \u00eencorporat\u0103 \u00een ea toat\u0103 aparatura de buc\u0103t\u0103rie necesar\u0103!<br \/>\n\u2014\u2014\u2014\u2014\u2014\u2014\u2014\u2014\u2014\u2014\u2014\u2014\u2014\u2014\u2014\u2014\u2014\u2014\u2014\u2014\u2014\u2014<br \/>\n<span class=\"_5mfr\"><span class=\"_6qdm\">\ud83d\udccc<\/span><\/span>\u00a0\u2013 Lucian Blaga, 89-91, Satu Mare<span class=\"text_exposed_show\"><br \/>\n<span class=\"_5mfr\"><span class=\"_6qdm\">\ud83d\udcde<\/span><\/span>\u00a0\u2013 0771 688 002<br \/>\n<span class=\"_5mfr\"><span class=\"_6qdm\">\ud83c\udf0f<\/span><\/span>\u00a0\u2013 lasegheria2017@gmail.com<br \/>\n<span class=\"_5mfr\"><span class=\"_6qdm\">\ud83d\udced<\/span><\/span>\u00a0\u2013 lasegheria.ro<\/span>[\/vc_column_text][\/vc_column][vc_column width=&#8221;1\/2&#8243;][vc_single_image image=&#8221;649&#8243; img_size=&#8221;full&#8221;][\/vc_column][\/vc_row][vc_row][vc_column width=&#8221;1\/2&#8243;][vc_single_image image=&#8221;651&#8243; img_size=&#8221;full&#8221;][\/vc_column][vc_column width=&#8221;1\/2&#8243;][vc_single_image image=&#8221;650&#8243; img_size=&#8221;full&#8221;][\/vc_column][\/vc_row][vc_row][vc_column][vc_column_text]<\/p>\n<p style=\"text-align: center;\">\u2014\u2014\u2014\u2014\u2014\u2014\u2014\u2014\u2014\u2014\u2014\u2014\u2014\u2014\u2014\u2014\u2014\u2014\u2014\u2014\u2014\u2014<br \/>\n<span class=\"_5mfr\"><span class=\"_6qdm\">\ud83d\udccc<\/span><\/span>\u00a0\u2013 Lucian Blaga, 89-91, Satu Mare &#8211;\u00a0<span class=\"_5mfr\"><span class=\"_6qdm\">\ud83d\udcde<\/span><\/span>\u00a0\u2013 0771 688 002\u00a0 &#8211;\u00a0\u00a0<span class=\"_5mfr\"><span class=\"_6qdm\">\ud83c\udf0f\u00a0<\/span><\/span>lasegheria2017@gmail.com\u00a0 &#8211;\u00a0\u00a0<span class=\"_5mfr\"><span class=\"_6qdm\">\ud83d\udced<\/span><\/span>\u00a0\u2013 lasegheria.ro<\/p>\n<p>[\/vc_column_text][\/vc_column][\/vc_row]<\/p>\n","protected":false},"excerpt":{"rendered":"<p>[vc_row][vc_column][vc_custom_heading text=&#8221;MOBIL\u0102 BUC\u0102T\u0102RIE &#8211; CREM&#8221; font_container=&#8221;tag:h2|text_align:center&#8221; css=&#8221;.vc_custom_1585899307896{padding-top: 30px !important;padding-bottom: 30px !important;}&#8221;][\/vc_column][\/vc_row][vc_row][vc_column width=&#8221;1\/2&#8243;][vc_column_text]Noi credem c\u0103 este una dintre cele mai frumoase&#8230;<\/p>\n","protected":false},"author":1,"featured_media":0,"parent":0,"menu_order":0,"comment_status":"closed","ping_status":"closed","template":"","meta":[],"_links":{"self":[{"href":"https:\/\/lasegheria.ro\/index.php?rest_route=\/wp\/v2\/pages\/648"}],"collection":[{"href":"https:\/\/lasegheria.ro\/index.php?rest_route=\/wp\/v2\/pages"}],"about":[{"href":"https:\/\/lasegheria.ro\/index.php?rest_route=\/wp\/v2\/types\/page"}],"author":[{"embeddable":true,"href":"https:\/\/lasegheria.ro\/index.php?rest_route=\/wp\/v2\/users\/1"}],"replies":[{"embeddable":true,"href":"https:\/\/lasegheria.ro\/index.php?rest_route=%2Fwp%2Fv2%2Fcomments&post=648"}],"version-history":[{"count":2,"href":"https:\/\/lasegheria.ro\/index.php?rest_route=\/wp\/v2\/pages\/648\/revisions"}],"predecessor-version":[{"id":653,"href":"https:\/\/lasegheria.ro\/index.php?rest_route=\/wp\/v2\/pages\/648\/revisions\/653"}],"wp:attachment":[{"href":"https:\/\/lasegheria.ro\/index.php?rest_route=%2Fwp%2Fv2%2Fmedia&parent=648"}],"curies":[{"name":"wp","href":"https:\/\/api.w.org\/{rel}","templated":true}]}}