{"id":655,"date":"2020-04-03T07:37:50","date_gmt":"2020-04-03T07:37:50","guid":{"rendered":"http:\/\/lasegheria.ro\/?page_id=655"},"modified":"2020-04-03T07:39:08","modified_gmt":"2020-04-03T07:39:08","slug":"mobila-pentru-holuri","status":"publish","type":"page","link":"https:\/\/lasegheria.ro\/?page_id=655","title":{"rendered":"MOBIL\u0102 PENTRU HOL ALB\u0102"},"content":{"rendered":"<p>[vc_row][vc_column][vc_custom_heading text=&#8221;MOBIL\u0102 PENTRU HOL ALB\u0102&#8221; font_container=&#8221;tag:h2|text_align:center&#8221; css=&#8221;.vc_custom_1585899548498{padding-top: 30px !important;padding-bottom: 30px !important;}&#8221;][\/vc_column][\/vc_row][vc_row][vc_column width=&#8221;1\/2&#8243;][vc_column_text]<span class=\"_5mfr\"><span class=\"_6qdm\">\ud83d\udddd<\/span><\/span>\u00a0&#8211; Locul unde ne \u021binem hainele nu ar trebui s\u0103 ne ia prea mult din spa\u021biul de locuit din camerele locuin\u021bei noastre. Noi am creat special la comand\u0103 Dulapul de Hol &#8211; La Segheria.<\/p>\n<p>Acesta are loc pentru \u0219ezut, etajere, \u0219ifoniere pentru geci \u0219i haine mari \u0219i un design unic \u0219i util!<\/p>\n<p>La Segheria &#8211; Mobil\u0103 pentru confortul t\u0103u!<span class=\"text_exposed_show\"><br \/>\n\u2014\u2014\u2014\u2014\u2014\u2014\u2014\u2014\u2014\u2014\u2014\u2014\u2014\u2014\u2014\u2014\u2014\u2014\u2014\u2014\u2014\u2014<br \/>\n<span class=\"_5mfr\"><span class=\"_6qdm\">\ud83d\udccc<\/span><\/span>\u00a0\u2013 Lucian Blaga, 89-91, Satu Mare<br \/>\n<span class=\"_5mfr\"><span class=\"_6qdm\">\ud83d\udcde<\/span><\/span>\u00a0\u2013 0771 688 002<br \/>\n<span class=\"_5mfr\"><span class=\"_6qdm\">\ud83c\udf0f<\/span><\/span>\u00a0\u2013 lasegheria2017@gmail.com<br \/>\n<span class=\"_5mfr\"><span class=\"_6qdm\">\ud83d\udced<\/span><\/span>\u00a0\u2013 lasegheria.ro<\/span>[\/vc_column_text][\/vc_column][vc_column width=&#8221;1\/2&#8243;][vc_single_image image=&#8221;656&#8243; img_size=&#8221;full&#8221;][\/vc_column][\/vc_row][vc_row][vc_column][vc_column_text]<\/p>\n<p style=\"text-align: center;\">\u2014\u2014\u2014\u2014\u2014\u2014\u2014\u2014\u2014\u2014\u2014\u2014\u2014\u2014\u2014\u2014\u2014\u2014\u2014\u2014\u2014\u2014<br \/>\n<span class=\"_5mfr\"><span class=\"_6qdm\">\ud83d\udccc<\/span><\/span>\u00a0\u2013 Lucian Blaga, 89-91, Satu Mare &#8211;\u00a0<span class=\"_5mfr\"><span class=\"_6qdm\">\ud83d\udcde<\/span><\/span>\u00a0\u2013 0771 688 002\u00a0 &#8211;\u00a0\u00a0<span class=\"_5mfr\"><span class=\"_6qdm\">\ud83c\udf0f\u00a0<\/span><\/span>lasegheria2017@gmail.com\u00a0 &#8211;\u00a0\u00a0<span class=\"_5mfr\"><span class=\"_6qdm\">\ud83d\udced<\/span><\/span>\u00a0\u2013 lasegheria.ro<\/p>\n<p>[\/vc_column_text][\/vc_column][\/vc_row]<\/p>\n","protected":false},"excerpt":{"rendered":"<p>[vc_row][vc_column][vc_custom_heading text=&#8221;MOBIL\u0102 PENTRU HOL ALB\u0102&#8221; font_container=&#8221;tag:h2|text_align:center&#8221; css=&#8221;.vc_custom_1585899548498{padding-top: 30px !important;padding-bottom: 30px !important;}&#8221;][\/vc_column][\/vc_row][vc_row][vc_column width=&#8221;1\/2&#8243;][vc_column_text]\ud83d\udddd\u00a0&#8211; Locul unde ne \u021binem hainele nu ar trebui&#8230;<\/p>\n","protected":false},"author":1,"featured_media":0,"parent":0,"menu_order":0,"comment_status":"closed","ping_status":"closed","template":"","meta":[],"_links":{"self":[{"href":"https:\/\/lasegheria.ro\/index.php?rest_route=\/wp\/v2\/pages\/655"}],"collection":[{"href":"https:\/\/lasegheria.ro\/index.php?rest_route=\/wp\/v2\/pages"}],"about":[{"href":"https:\/\/lasegheria.ro\/index.php?rest_route=\/wp\/v2\/types\/page"}],"author":[{"embeddable":true,"href":"https:\/\/lasegheria.ro\/index.php?rest_route=\/wp\/v2\/users\/1"}],"replies":[{"embeddable":true,"href":"https:\/\/lasegheria.ro\/index.php?rest_route=%2Fwp%2Fv2%2Fcomments&post=655"}],"version-history":[{"count":4,"href":"https:\/\/lasegheria.ro\/index.php?rest_route=\/wp\/v2\/pages\/655\/revisions"}],"predecessor-version":[{"id":661,"href":"https:\/\/lasegheria.ro\/index.php?rest_route=\/wp\/v2\/pages\/655\/revisions\/661"}],"wp:attachment":[{"href":"https:\/\/lasegheria.ro\/index.php?rest_route=%2Fwp%2Fv2%2Fmedia&parent=655"}],"curies":[{"name":"wp","href":"https:\/\/api.w.org\/{rel}","templated":true}]}}