{"id":664,"date":"2020-04-03T07:41:53","date_gmt":"2020-04-03T07:41:53","guid":{"rendered":"http:\/\/lasegheria.ro\/?page_id=664"},"modified":"2020-04-03T07:41:53","modified_gmt":"2020-04-03T07:41:53","slug":"pat-la-comanda-roze","status":"publish","type":"page","link":"https:\/\/lasegheria.ro\/?page_id=664","title":{"rendered":"PAT LA COMAND\u0102 &#8211; ROZE"},"content":{"rendered":"<p>[vc_row][vc_column][vc_custom_heading text=&#8221;PAT LA COMAND\u0102 &#8211; ROZE&#8221; font_container=&#8221;tag:h2|text_align:center&#8221; css=&#8221;.vc_custom_1585899693877{padding-top: 30px !important;padding-bottom: 30px !important;}&#8221;][\/vc_column][\/vc_row][vc_row][vc_column width=&#8221;1\/2&#8243;][vc_column_text]<span class=\"_5mfr\"><span class=\"_6qdm\">\ud83d\udecf<\/span><\/span>\u00a0&#8211; PAT CREAT LA COMANDA LA &#8211; LA SEGHERIA SATU MARE &#8211;\u00a0<span class=\"_5mfr\"><span class=\"_6qdm\">\ud83d\udecf<\/span><\/span><\/p>\n<p>\u00cenca un pat realizat la comand\u0103 dupa ideile \u0219i imagina\u021bia clientului. Pe l\u00e2ng\u0103 faptul c\u0103 este foarte confortabil, i-am propus clientului \u0219i o saltea ideal\u0103 pentru el \u0219i \u00een acest fel are un somn s\u0103n\u0103tos \u0219i odihnitor.<\/p>\n<p>Dac\u0103 nu mul\u021bumim clien\u021bii, nu suntem nici noi mul\u021bumi\u021bi de c\u00e2\u0219tig. C\u00e2nd vedem clien\u021bi ferici\u021bi pentru mobila creat\u0103 de noi, suntem \u0219i noi ferici\u021bi!<span class=\"text_exposed_show\"><br \/>\n\u2014\u2014\u2014\u2014\u2014\u2014\u2014\u2014\u2014\u2014\u2014\u2014\u2014\u2014\u2014\u2014\u2014\u2014\u2014\u2014\u2014\u2014<br \/>\n<span class=\"_5mfr\"><span class=\"_6qdm\">\ud83d\udccc<\/span><\/span>\u00a0\u2013 Lucian Blaga, 89-91, Satu Mare<br \/>\n<span class=\"_5mfr\"><span class=\"_6qdm\">\ud83d\udcde<\/span><\/span>\u00a0\u2013 0771 688 002<br \/>\n<span class=\"_5mfr\"><span class=\"_6qdm\">\ud83c\udf0f<\/span><\/span>\u00a0\u2013 lasegheria2017@gmail.com<br \/>\n<span class=\"_5mfr\"><span class=\"_6qdm\">\ud83d\udced<\/span><\/span>\u00a0\u2013 lasegheria.ro<\/span>[\/vc_column_text][\/vc_column][vc_column width=&#8221;1\/2&#8243;][vc_single_image image=&#8221;665&#8243; img_size=&#8221;full&#8221;][\/vc_column][\/vc_row][vc_row][vc_column][vc_column_text]<\/p>\n<p style=\"text-align: center;\">\u2014\u2014\u2014\u2014\u2014\u2014\u2014\u2014\u2014\u2014\u2014\u2014\u2014\u2014\u2014\u2014\u2014\u2014\u2014\u2014\u2014\u2014<br \/>\n<span class=\"_5mfr\"><span class=\"_6qdm\">\ud83d\udccc<\/span><\/span>\u00a0\u2013 Lucian Blaga, 89-91, Satu Mare &#8211;\u00a0<span class=\"_5mfr\"><span class=\"_6qdm\">\ud83d\udcde<\/span><\/span>\u00a0\u2013 0771 688 002\u00a0 &#8211;\u00a0\u00a0<span class=\"_5mfr\"><span class=\"_6qdm\">\ud83c\udf0f\u00a0<\/span><\/span>lasegheria2017@gmail.com\u00a0 &#8211;\u00a0\u00a0<span class=\"_5mfr\"><span class=\"_6qdm\">\ud83d\udced<\/span><\/span>\u00a0\u2013 lasegheria.ro<\/p>\n<p>[\/vc_column_text][\/vc_column][\/vc_row]<\/p>\n","protected":false},"excerpt":{"rendered":"<p>[vc_row][vc_column][vc_custom_heading text=&#8221;PAT LA COMAND\u0102 &#8211; ROZE&#8221; font_container=&#8221;tag:h2|text_align:center&#8221; css=&#8221;.vc_custom_1585899693877{padding-top: 30px !important;padding-bottom: 30px !important;}&#8221;][\/vc_column][\/vc_row][vc_row][vc_column width=&#8221;1\/2&#8243;][vc_column_text]\ud83d\udecf\u00a0&#8211; PAT CREAT LA COMANDA LA &#8211; LA&#8230;<\/p>\n","protected":false},"author":1,"featured_media":0,"parent":0,"menu_order":0,"comment_status":"closed","ping_status":"closed","template":"","meta":[],"_links":{"self":[{"href":"https:\/\/lasegheria.ro\/index.php?rest_route=\/wp\/v2\/pages\/664"}],"collection":[{"href":"https:\/\/lasegheria.ro\/index.php?rest_route=\/wp\/v2\/pages"}],"about":[{"href":"https:\/\/lasegheria.ro\/index.php?rest_route=\/wp\/v2\/types\/page"}],"author":[{"embeddable":true,"href":"https:\/\/lasegheria.ro\/index.php?rest_route=\/wp\/v2\/users\/1"}],"replies":[{"embeddable":true,"href":"https:\/\/lasegheria.ro\/index.php?rest_route=%2Fwp%2Fv2%2Fcomments&post=664"}],"version-history":[{"count":1,"href":"https:\/\/lasegheria.ro\/index.php?rest_route=\/wp\/v2\/pages\/664\/revisions"}],"predecessor-version":[{"id":666,"href":"https:\/\/lasegheria.ro\/index.php?rest_route=\/wp\/v2\/pages\/664\/revisions\/666"}],"wp:attachment":[{"href":"https:\/\/lasegheria.ro\/index.php?rest_route=%2Fwp%2Fv2%2Fmedia&parent=664"}],"curies":[{"name":"wp","href":"https:\/\/api.w.org\/{rel}","templated":true}]}}