{"id":684,"date":"2020-04-03T07:53:03","date_gmt":"2020-04-03T07:53:03","guid":{"rendered":"http:\/\/lasegheria.ro\/?page_id=684"},"modified":"2020-04-03T07:53:25","modified_gmt":"2020-04-03T07:53:25","slug":"mobila-bucatarie-family","status":"publish","type":"page","link":"https:\/\/lasegheria.ro\/?page_id=684","title":{"rendered":"MOBIL\u0102 BUC\u0102T\u0102RIE &#8211; FAMILY"},"content":{"rendered":"<p>[vc_row][vc_column][vc_custom_heading text=&#8221;MOBIL\u0102 BUC\u0102T\u0102RIE &#8211; FAMILY&#8221; font_container=&#8221;tag:h2|text_align:center&#8221; css=&#8221;.vc_custom_1585900347880{padding-top: 30px !important;padding-bottom: 30px !important;}&#8221;][\/vc_column][\/vc_row][vc_row][vc_column width=&#8221;1\/2&#8243;][vc_column_text]Mobila de buc\u0103t\u0103rie este \u00eentotdeauna ceva intim. Reu\u0219im s\u0103 fim pe placul clien\u021bilor pentru c\u0103 \u00eei \u00een\u021belegem \u0219i cre\u0103m mobil\u0103 pe caracterul fiec\u0103ruia.<\/p>\n<p>Astfel, transform\u0103m o mobil\u0103 simpl\u0103 de buc\u0103t\u0103rie \u00een art\u0103.<br \/>\n\u2014\u2014\u2014\u2014\u2014\u2014\u2014\u2014\u2014\u2014\u2014\u2014\u2014\u2014\u2014\u2014\u2014\u2014\u2014\u2014\u2014\u2014<br \/>\n<span class=\"_5mfr\"><span class=\"_6qdm\">\ud83d\udccc<\/span><\/span>\u00a0\u2013 Lucian Blaga, 89-91, Satu Mare<span class=\"text_exposed_show\"><br \/>\n<span class=\"_5mfr\"><span class=\"_6qdm\">\ud83d\udcde<\/span><\/span>\u00a0\u2013 0771 688 002<br \/>\n<span class=\"_5mfr\"><span class=\"_6qdm\">\ud83c\udf0f<\/span><\/span>\u00a0\u2013 lasegheria2017@gmail.com<br \/>\n<span class=\"_5mfr\"><span class=\"_6qdm\">\ud83d\udced<\/span><\/span>\u00a0\u2013 lasegheria.ro<\/span>[\/vc_column_text][\/vc_column][vc_column width=&#8221;1\/2&#8243;][vc_single_image image=&#8221;685&#8243; img_size=&#8221;full&#8221;][\/vc_column][\/vc_row][vc_row][vc_column width=&#8221;1\/2&#8243;][vc_single_image image=&#8221;686&#8243; img_size=&#8221;full&#8221;][\/vc_column][vc_column width=&#8221;1\/2&#8243;][\/vc_column][\/vc_row][vc_row][vc_column][vc_column_text]<\/p>\n<p style=\"text-align: center;\">\u2014\u2014\u2014\u2014\u2014\u2014\u2014\u2014\u2014\u2014\u2014\u2014\u2014\u2014\u2014\u2014\u2014\u2014\u2014\u2014\u2014\u2014<br \/>\n<span class=\"_5mfr\"><span class=\"_6qdm\">\ud83d\udccc<\/span><\/span>\u00a0\u2013 Lucian Blaga, 89-91, Satu Mare &#8211;\u00a0<span class=\"_5mfr\"><span class=\"_6qdm\">\ud83d\udcde<\/span><\/span>\u00a0\u2013 0771 688 002\u00a0 &#8211;\u00a0\u00a0<span class=\"_5mfr\"><span class=\"_6qdm\">\ud83c\udf0f\u00a0<\/span><\/span>lasegheria2017@gmail.com\u00a0 &#8211;\u00a0\u00a0<span class=\"_5mfr\"><span class=\"_6qdm\">\ud83d\udced<\/span><\/span>\u00a0\u2013 lasegheria.ro<\/p>\n<p>[\/vc_column_text][\/vc_column][\/vc_row]<\/p>\n","protected":false},"excerpt":{"rendered":"<p>[vc_row][vc_column][vc_custom_heading text=&#8221;MOBIL\u0102 BUC\u0102T\u0102RIE &#8211; FAMILY&#8221; font_container=&#8221;tag:h2|text_align:center&#8221; css=&#8221;.vc_custom_1585900347880{padding-top: 30px !important;padding-bottom: 30px !important;}&#8221;][\/vc_column][\/vc_row][vc_row][vc_column width=&#8221;1\/2&#8243;][vc_column_text]Mobila de buc\u0103t\u0103rie este \u00eentotdeauna ceva intim. Reu\u0219im s\u0103&#8230;<\/p>\n","protected":false},"author":1,"featured_media":0,"parent":0,"menu_order":0,"comment_status":"closed","ping_status":"closed","template":"","meta":[],"_links":{"self":[{"href":"https:\/\/lasegheria.ro\/index.php?rest_route=\/wp\/v2\/pages\/684"}],"collection":[{"href":"https:\/\/lasegheria.ro\/index.php?rest_route=\/wp\/v2\/pages"}],"about":[{"href":"https:\/\/lasegheria.ro\/index.php?rest_route=\/wp\/v2\/types\/page"}],"author":[{"embeddable":true,"href":"https:\/\/lasegheria.ro\/index.php?rest_route=\/wp\/v2\/users\/1"}],"replies":[{"embeddable":true,"href":"https:\/\/lasegheria.ro\/index.php?rest_route=%2Fwp%2Fv2%2Fcomments&post=684"}],"version-history":[{"count":2,"href":"https:\/\/lasegheria.ro\/index.php?rest_route=\/wp\/v2\/pages\/684\/revisions"}],"predecessor-version":[{"id":688,"href":"https:\/\/lasegheria.ro\/index.php?rest_route=\/wp\/v2\/pages\/684\/revisions\/688"}],"wp:attachment":[{"href":"https:\/\/lasegheria.ro\/index.php?rest_route=%2Fwp%2Fv2%2Fmedia&parent=684"}],"curies":[{"name":"wp","href":"https:\/\/api.w.org\/{rel}","templated":true}]}}