{"id":690,"date":"2020-04-03T08:00:23","date_gmt":"2020-04-03T08:00:23","guid":{"rendered":"http:\/\/lasegheria.ro\/?page_id=690"},"modified":"2020-04-03T08:00:23","modified_gmt":"2020-04-03T08:00:23","slug":"pat-la-comanda-white","status":"publish","type":"page","link":"https:\/\/lasegheria.ro\/?page_id=690","title":{"rendered":"PAT LA COMAND\u0102 &#8211; WHITE"},"content":{"rendered":"<p>[vc_row][vc_column][vc_custom_heading text=&#8221;PAT LA COMAND\u0102 &#8211; WHITE&#8221; font_container=&#8221;tag:h2|text_align:center&#8221; css=&#8221;.vc_custom_1585900744909{padding-top: 30px !important;padding-bottom: 30px !important;}&#8221;][\/vc_column][\/vc_row][vc_row][vc_column width=&#8221;1\/2&#8243;][vc_column_text]Un pat modern f\u0103cut la comand\u0103 de LA Segheria &#8211; Satu Mare.<\/p>\n<p>Am primit un num\u0103r mare de cereri pentru acest model \u0219i asta ne bucur\u0103 pentru c\u0103 \u0219tim c\u0103 de acum clien\u021bii no\u0219tri pot dormi lini\u0219ti\u021bi.<\/p>\n<p>Grija noastr\u0103 pentru calitate \u00eenseamn\u0103 confortul vostru \u0219i s\u0103n\u0103tate!<span class=\"text_exposed_show\"><br \/>\n\u2014\u2014\u2014\u2014\u2014\u2014\u2014\u2014\u2014\u2014\u2014\u2014\u2014\u2014\u2014\u2014\u2014\u2014\u2014\u2014\u2014\u2014\u2014-<br \/>\n<span class=\"_5mfr\"><span class=\"_6qdm\">\ud83d\udccc<\/span><\/span>\u00a0\u2013 Lucian Blaga, 89-91, Satu Mare<br \/>\n<span class=\"_5mfr\"><span class=\"_6qdm\">\ud83d\udcde<\/span><\/span>\u00a0\u2013 0771 688 002<br \/>\n<span class=\"_5mfr\"><span class=\"_6qdm\">\ud83c\udf0f<\/span><\/span>\u00a0\u2013 lasegheria2017@gmail.com<br \/>\n<span class=\"_5mfr\"><span class=\"_6qdm\">\ud83d\udced<\/span><\/span>\u00a0\u2013 lasegheria.ro<\/span>[\/vc_column_text][\/vc_column][vc_column width=&#8221;1\/2&#8243;][vc_single_image image=&#8221;691&#8243; img_size=&#8221;full&#8221;][\/vc_column][\/vc_row][vc_row][vc_column width=&#8221;1\/2&#8243;][vc_single_image image=&#8221;695&#8243; img_size=&#8221;full&#8221;][\/vc_column][vc_column width=&#8221;1\/2&#8243;][vc_single_image image=&#8221;693&#8243; img_size=&#8221;full&#8221;][\/vc_column][\/vc_row][vc_row][vc_column][vc_column_text]<\/p>\n<p style=\"text-align: center;\">\u2014\u2014\u2014\u2014\u2014\u2014\u2014\u2014\u2014\u2014\u2014\u2014\u2014\u2014\u2014\u2014\u2014\u2014\u2014\u2014\u2014\u2014<br \/>\n<span class=\"_5mfr\"><span class=\"_6qdm\">\ud83d\udccc<\/span><\/span>\u00a0\u2013 Lucian Blaga, 89-91, Satu Mare &#8211;\u00a0<span class=\"_5mfr\"><span class=\"_6qdm\">\ud83d\udcde<\/span><\/span>\u00a0\u2013 0771 688 002\u00a0 &#8211;\u00a0\u00a0<span class=\"_5mfr\"><span class=\"_6qdm\">\ud83c\udf0f\u00a0<\/span><\/span>lasegheria2017@gmail.com\u00a0 &#8211;\u00a0\u00a0<span class=\"_5mfr\"><span class=\"_6qdm\">\ud83d\udced<\/span><\/span>\u00a0\u2013 lasegheria.ro<\/p>\n<p>[\/vc_column_text][\/vc_column][\/vc_row]<\/p>\n","protected":false},"excerpt":{"rendered":"<p>[vc_row][vc_column][vc_custom_heading text=&#8221;PAT LA COMAND\u0102 &#8211; WHITE&#8221; font_container=&#8221;tag:h2|text_align:center&#8221; css=&#8221;.vc_custom_1585900744909{padding-top: 30px !important;padding-bottom: 30px !important;}&#8221;][\/vc_column][\/vc_row][vc_row][vc_column width=&#8221;1\/2&#8243;][vc_column_text]Un pat modern f\u0103cut la comand\u0103 de LA&#8230;<\/p>\n","protected":false},"author":1,"featured_media":0,"parent":0,"menu_order":0,"comment_status":"closed","ping_status":"closed","template":"","meta":[],"_links":{"self":[{"href":"https:\/\/lasegheria.ro\/index.php?rest_route=\/wp\/v2\/pages\/690"}],"collection":[{"href":"https:\/\/lasegheria.ro\/index.php?rest_route=\/wp\/v2\/pages"}],"about":[{"href":"https:\/\/lasegheria.ro\/index.php?rest_route=\/wp\/v2\/types\/page"}],"author":[{"embeddable":true,"href":"https:\/\/lasegheria.ro\/index.php?rest_route=\/wp\/v2\/users\/1"}],"replies":[{"embeddable":true,"href":"https:\/\/lasegheria.ro\/index.php?rest_route=%2Fwp%2Fv2%2Fcomments&post=690"}],"version-history":[{"count":1,"href":"https:\/\/lasegheria.ro\/index.php?rest_route=\/wp\/v2\/pages\/690\/revisions"}],"predecessor-version":[{"id":696,"href":"https:\/\/lasegheria.ro\/index.php?rest_route=\/wp\/v2\/pages\/690\/revisions\/696"}],"wp:attachment":[{"href":"https:\/\/lasegheria.ro\/index.php?rest_route=%2Fwp%2Fv2%2Fmedia&parent=690"}],"curies":[{"name":"wp","href":"https:\/\/api.w.org\/{rel}","templated":true}]}}