{"id":714,"date":"2020-04-03T08:15:05","date_gmt":"2020-04-03T08:15:05","guid":{"rendered":"http:\/\/lasegheria.ro\/?page_id=714"},"modified":"2020-04-03T08:15:05","modified_gmt":"2020-04-03T08:15:05","slug":"mobila-bucatarie-restaurante","status":"publish","type":"page","link":"https:\/\/lasegheria.ro\/?page_id=714","title":{"rendered":"MOBIL\u0102 BUC\u0102T\u0102RIE &#8211; RESTAURANTE"},"content":{"rendered":"<p>[vc_row][vc_column][vc_custom_heading text=&#8221;MOBIL\u0102 BUC\u0102T\u0102RIE &#8211; RESTAURANTE&#8221; font_container=&#8221;tag:h2|text_align:center&#8221; css=&#8221;.vc_custom_1585901515622{padding-top: 30px !important;padding-bottom: 30px !important;}&#8221;][\/vc_column][\/vc_row][vc_row][vc_column width=&#8221;1\/2&#8243;][vc_column_text]<span class=\"_5mfr\"><span class=\"_6qdm\">\u2705<\/span><\/span>\u00a0&#8211; DIN PASIUNE PENTRU LEMN &#8211; LA SEGHERIA SATU MARE &#8211;\u00a0<span class=\"_5mfr\"><span class=\"_6qdm\">\u2705<\/span><\/span><\/p>\n<p>Lemnul este un material foarte des utilizat in ceea ce priveste realizarea ferestrelor si a usilor. Acest<br \/>\nlucru se intampla ca urmare a faptului ca acest material este foarte durabil.<\/p>\n<div class=\"text_exposed_show\">\n<p>Tamplaria din lemn stratificat, ofera mereu avantaje si beneficii multiple, cum ar fi siguranta oferita de tamplaria pvc din lemn stratificat, reprezinta o modalitate si o posibilitate optima pentru personalizarea locuintelor, are o structura interna<br \/>\norganica compacta, ceea ce inseamna ca rezista la mediul natural, nu se dilata, ceea ce inseamna ca<br \/>\naceste sisteme ofera o stabilitate maxima.<br \/>\n\u2014\u2014\u2014\u2014\u2014\u2014\u2014\u2014\u2014\u2014\u2014\u2014\u2014\u2014\u2014\u2014\u2014\u2014\u2014\u2014\u2014\u2014\u2014-<br \/>\n<span class=\"_5mfr\"><span class=\"_6qdm\">\ud83d\udccc<\/span><\/span>\u00a0\u2013 Lucian Blaga, 89-91, Satu Mare<br \/>\n<span class=\"_5mfr\"><span class=\"_6qdm\">\ud83d\udcde<\/span><\/span>\u00a0\u2013 0771 688 002<br \/>\n<span class=\"_5mfr\"><span class=\"_6qdm\">\ud83c\udf0f<\/span><\/span>\u00a0\u2013 lasegheria2017@gmail.com<br \/>\n<span class=\"_5mfr\"><span class=\"_6qdm\">\ud83d\udced<\/span><\/span>\u00a0\u2013 lasegheria.ro<\/p>\n<\/div>\n<p>[\/vc_column_text][\/vc_column][vc_column width=&#8221;1\/2&#8243;][vc_single_image image=&#8221;716&#8243; img_size=&#8221;full&#8221;][\/vc_column][\/vc_row][vc_row][vc_column][vc_column_text]<\/p>\n<p style=\"text-align: center;\">\u2014\u2014\u2014\u2014\u2014\u2014\u2014\u2014\u2014\u2014\u2014\u2014\u2014\u2014\u2014\u2014\u2014\u2014\u2014\u2014\u2014\u2014<br \/>\n<span class=\"_5mfr\"><span class=\"_6qdm\">\ud83d\udccc<\/span><\/span>\u00a0\u2013 Lucian Blaga, 89-91, Satu Mare &#8211;\u00a0<span class=\"_5mfr\"><span class=\"_6qdm\">\ud83d\udcde<\/span><\/span>\u00a0\u2013 0771 688 002\u00a0 &#8211;\u00a0\u00a0<span class=\"_5mfr\"><span class=\"_6qdm\">\ud83c\udf0f\u00a0<\/span><\/span>lasegheria2017@gmail.com\u00a0 &#8211;\u00a0\u00a0<span class=\"_5mfr\"><span class=\"_6qdm\">\ud83d\udced<\/span><\/span>\u00a0\u2013 lasegheria.ro<\/p>\n<p>[\/vc_column_text][\/vc_column][\/vc_row]<\/p>\n","protected":false},"excerpt":{"rendered":"<p>[vc_row][vc_column][vc_custom_heading text=&#8221;MOBIL\u0102 BUC\u0102T\u0102RIE &#8211; RESTAURANTE&#8221; font_container=&#8221;tag:h2|text_align:center&#8221; css=&#8221;.vc_custom_1585901515622{padding-top: 30px !important;padding-bottom: 30px !important;}&#8221;][\/vc_column][\/vc_row][vc_row][vc_column width=&#8221;1\/2&#8243;][vc_column_text]\u2705\u00a0&#8211; DIN PASIUNE PENTRU LEMN &#8211; LA SEGHERIA SATU&#8230;<\/p>\n","protected":false},"author":1,"featured_media":0,"parent":0,"menu_order":0,"comment_status":"closed","ping_status":"closed","template":"","meta":[],"_links":{"self":[{"href":"https:\/\/lasegheria.ro\/index.php?rest_route=\/wp\/v2\/pages\/714"}],"collection":[{"href":"https:\/\/lasegheria.ro\/index.php?rest_route=\/wp\/v2\/pages"}],"about":[{"href":"https:\/\/lasegheria.ro\/index.php?rest_route=\/wp\/v2\/types\/page"}],"author":[{"embeddable":true,"href":"https:\/\/lasegheria.ro\/index.php?rest_route=\/wp\/v2\/users\/1"}],"replies":[{"embeddable":true,"href":"https:\/\/lasegheria.ro\/index.php?rest_route=%2Fwp%2Fv2%2Fcomments&post=714"}],"version-history":[{"count":1,"href":"https:\/\/lasegheria.ro\/index.php?rest_route=\/wp\/v2\/pages\/714\/revisions"}],"predecessor-version":[{"id":719,"href":"https:\/\/lasegheria.ro\/index.php?rest_route=\/wp\/v2\/pages\/714\/revisions\/719"}],"wp:attachment":[{"href":"https:\/\/lasegheria.ro\/index.php?rest_route=%2Fwp%2Fv2%2Fmedia&parent=714"}],"curies":[{"name":"wp","href":"https:\/\/api.w.org\/{rel}","templated":true}]}}