{"id":721,"date":"2020-04-03T08:17:54","date_gmt":"2020-04-03T08:17:54","guid":{"rendered":"http:\/\/lasegheria.ro\/?page_id=721"},"modified":"2020-04-03T08:17:54","modified_gmt":"2020-04-03T08:17:54","slug":"pat-la-comanda-wood","status":"publish","type":"page","link":"https:\/\/lasegheria.ro\/?page_id=721","title":{"rendered":"PAT LA COMAND\u0102 &#8211; WOOD"},"content":{"rendered":"<p>[vc_row][vc_column][vc_custom_heading text=&#8221;PAT LA COMAND\u0102 &#8211; WOOD&#8221; font_container=&#8221;tag:h2|text_align:center&#8221; css=&#8221;.vc_custom_1585901821505{padding-top: 30px !important;padding-bottom: 30px !important;}&#8221;][\/vc_column][\/vc_row][vc_row][vc_column width=&#8221;1\/2&#8243;][vc_column_text]Este foarte important cum dormim! Cel mai important este s\u0103 ne sim\u0163im bine \u015fi s\u0103 intr\u0103m \u00een dormitor cu pl\u0103cere. Astfel, trebuie s\u0103 avem un loc de relaxare \u015fi odihn\u0103 dup\u0103 personalitatea fiecarui client \u00een parte!<br \/>\n\u2014\u2014\u2014\u2014\u2014\u2014\u2014\u2014\u2014\u2014\u2014\u2014\u2014\u2014\u2014\u2014\u2014\u2014\u2014\u2014\u2014\u2014\u2014-<br \/>\n<span class=\"_5mfr\"><span class=\"_6qdm\">\u25b6\ufe0f<\/span><\/span>\u00a0DEBITARE SI FINISARE PAL, MDF, PFL<br \/>\n<span class=\"_5mfr\"><span class=\"_6qdm\">\u2705<\/span><\/span>\u00a0COMERCIALIZARE ACCESORII MOBILA<br \/>\n<span class=\"_5mfr\"><span class=\"_6qdm\">\u25b6\ufe0f<\/span><\/span>\u00a0COMERCIALIZARE ELECTROCASNICE BUCATARIE<span class=\"text_exposed_show\"><br \/>\n<span class=\"_5mfr\"><span class=\"_6qdm\">\u2705<\/span><\/span>\u00a0PRETURI VARIABILE IN FUNCTIE DE GAMA<br \/>\n<span class=\"_5mfr\"><span class=\"_6qdm\">\u25b6\ufe0f<\/span><\/span>\u00a0PRODUCTIE DE MOBILA LA COMANDA<br \/>\n<span class=\"_5mfr\"><span class=\"_6qdm\">\u2705<\/span><\/span>\u00a0OFERIM O GAMA LARGA DE CULORI, NUANTE DE<br \/>\nMATERIALE LEMNOASE<br \/>\n\u2014\u2014\u2014\u2014\u2014\u2014\u2014\u2014\u2014\u2014\u2014\u2014\u2014\u2014\u2014\u2014\u2014\u2014\u2014\u2014\u2014\u2014\u2014-<br \/>\n<span class=\"_5mfr\"><span class=\"_6qdm\">\ud83d\udccc<\/span><\/span>\u00a0\u2013 Lucian Blaga, 89-91, Satu Mare<br \/>\n<span class=\"_5mfr\"><span class=\"_6qdm\">\ud83d\udcde<\/span><\/span>\u00a0\u2013 0771 688 002<br \/>\n<span class=\"_5mfr\"><span class=\"_6qdm\">\ud83c\udf0f<\/span><\/span>\u00a0\u2013 lasegheria2017@gmail.com<\/span>[\/vc_column_text][\/vc_column][vc_column width=&#8221;1\/2&#8243;][vc_single_image image=&#8221;724&#8243; img_size=&#8221;full&#8221;][\/vc_column][\/vc_row][vc_row][vc_column width=&#8221;1\/2&#8243;][vc_single_image image=&#8221;723&#8243; img_size=&#8221;full&#8221;][\/vc_column][vc_column width=&#8221;1\/2&#8243;][vc_single_image image=&#8221;722&#8243; img_size=&#8221;full&#8221;][\/vc_column][\/vc_row][vc_row][vc_column][vc_column_text]<\/p>\n<p style=\"text-align: center;\">\u2014\u2014\u2014\u2014\u2014\u2014\u2014\u2014\u2014\u2014\u2014\u2014\u2014\u2014\u2014\u2014\u2014\u2014\u2014\u2014\u2014\u2014<br \/>\n<span class=\"_5mfr\"><span class=\"_6qdm\">\ud83d\udccc<\/span><\/span>\u00a0\u2013 Lucian Blaga, 89-91, Satu Mare &#8211;\u00a0<span class=\"_5mfr\"><span class=\"_6qdm\">\ud83d\udcde<\/span><\/span>\u00a0\u2013 0771 688 002\u00a0 &#8211;\u00a0\u00a0<span class=\"_5mfr\"><span class=\"_6qdm\">\ud83c\udf0f\u00a0<\/span><\/span>lasegheria2017@gmail.com\u00a0 &#8211;\u00a0\u00a0<span class=\"_5mfr\"><span class=\"_6qdm\">\ud83d\udced<\/span><\/span>\u00a0\u2013 lasegheria.ro<\/p>\n<p>[\/vc_column_text][\/vc_column][\/vc_row]<\/p>\n","protected":false},"excerpt":{"rendered":"<p>[vc_row][vc_column][vc_custom_heading text=&#8221;PAT LA COMAND\u0102 &#8211; WOOD&#8221; font_container=&#8221;tag:h2|text_align:center&#8221; css=&#8221;.vc_custom_1585901821505{padding-top: 30px !important;padding-bottom: 30px !important;}&#8221;][\/vc_column][\/vc_row][vc_row][vc_column width=&#8221;1\/2&#8243;][vc_column_text]Este foarte important cum dormim! Cel mai important&#8230;<\/p>\n","protected":false},"author":1,"featured_media":0,"parent":0,"menu_order":0,"comment_status":"closed","ping_status":"closed","template":"","meta":[],"_links":{"self":[{"href":"https:\/\/lasegheria.ro\/index.php?rest_route=\/wp\/v2\/pages\/721"}],"collection":[{"href":"https:\/\/lasegheria.ro\/index.php?rest_route=\/wp\/v2\/pages"}],"about":[{"href":"https:\/\/lasegheria.ro\/index.php?rest_route=\/wp\/v2\/types\/page"}],"author":[{"embeddable":true,"href":"https:\/\/lasegheria.ro\/index.php?rest_route=\/wp\/v2\/users\/1"}],"replies":[{"embeddable":true,"href":"https:\/\/lasegheria.ro\/index.php?rest_route=%2Fwp%2Fv2%2Fcomments&post=721"}],"version-history":[{"count":1,"href":"https:\/\/lasegheria.ro\/index.php?rest_route=\/wp\/v2\/pages\/721\/revisions"}],"predecessor-version":[{"id":725,"href":"https:\/\/lasegheria.ro\/index.php?rest_route=\/wp\/v2\/pages\/721\/revisions\/725"}],"wp:attachment":[{"href":"https:\/\/lasegheria.ro\/index.php?rest_route=%2Fwp%2Fv2%2Fmedia&parent=721"}],"curies":[{"name":"wp","href":"https:\/\/api.w.org\/{rel}","templated":true}]}}